{"id":2527,"date":"2021-12-02T21:50:52","date_gmt":"2021-12-02T21:50:52","guid":{"rendered":"https:\/\/serviciosdivia.com\/?page_id=2527"},"modified":"2021-12-07T22:54:41","modified_gmt":"2021-12-07T22:54:41","slug":"nom-251","status":"publish","type":"page","link":"https:\/\/serviciosceo.com\/index.php\/nom-251\/","title":{"rendered":"NOM-251"},"content":{"rendered":"<div class=\"fusion-fullwidth fullwidth-box fusion-builder-row-1 fusion-flex-container nonhundred-percent-fullwidth non-hundred-percent-height-scrolling\" style=\"background-color: rgba(255,255,255,0);background-position: center center;background-repeat: no-repeat;border-width: 0px 0px 0px 0px;border-color:#eae9e9;border-style:solid;\" ><div class=\"fusion-builder-row fusion-row fusion-flex-align-items-flex-start\" style=\"max-width:1248px;margin-left: calc(-4% \/ 2 );margin-right: calc(-4% \/ 2 );\"><div class=\"fusion-layout-column fusion_builder_column fusion-builder-column-0 fusion_builder_column_1_3 1_3 fusion-flex-column\"><div class=\"fusion-column-wrapper fusion-flex-justify-content-flex-start fusion-content-layout-column\" style=\"background-position:left top;background-repeat:no-repeat;-webkit-background-size:cover;-moz-background-size:cover;-o-background-size:cover;background-size:cover;padding: 0px 0px 0px 0px;\"><div ><span class=\" fusion-imageframe imageframe-none imageframe-1 hover-type-none\"><img decoding=\"async\" width=\"1440\" height=\"948\" title=\"breakfast-category\" src=\"data:image\/svg+xml,%3Csvg%20xmlns%3D%27http%3A%2F%2Fwww.w3.org%2F2000%2Fsvg%27%20width%3D%271440%27%20height%3D%27948%27%20viewBox%3D%270%200%201440%20948%27%3E%3Crect%20width%3D%271440%27%20height%3D%27948%27%20fill-opacity%3D%220%22%2F%3E%3C%2Fsvg%3E\" data-orig-src=\"https:\/\/serviciosdivia.com\/wp-content\/uploads\/2019\/03\/breakfast-category.jpg\" class=\"lazyload img-responsive wp-image-853\"\/><\/span><\/div><\/div><style type=\"text\/css\">.fusion-body .fusion-builder-column-0{width:33.333333333333% !important;margin-top : 10px;margin-bottom : 10px;}.fusion-builder-column-0 > .fusion-column-wrapper {padding-top : 0px !important;padding-right : 0px !important;margin-right : 5.76%;padding-bottom : 0px !important;padding-left : 0px !important;margin-left : 5.76%;}@media only screen and (max-width:1024px) {.fusion-body .fusion-builder-column-0{width:100% !important;order : 0;}.fusion-builder-column-0 > .fusion-column-wrapper {margin-right : 1.92%;margin-left : 1.92%;}}@media only screen and (max-width:640px) {.fusion-body .fusion-builder-column-0{width:100% !important;order : 0;}.fusion-builder-column-0 > .fusion-column-wrapper {margin-right : 1.92%;margin-left : 1.92%;}}<\/style><\/div><div class=\"fusion-layout-column fusion_builder_column fusion-builder-column-1 fusion_builder_column_2_3 2_3 fusion-flex-column\"><div class=\"fusion-column-wrapper fusion-flex-justify-content-flex-start fusion-content-layout-column\" style=\"background-position:left top;background-repeat:no-repeat;-webkit-background-size:cover;-moz-background-size:cover;-o-background-size:cover;background-size:cover;padding: 0px 0px 0px 0px;\"><div class=\"fusion-text fusion-text-1\"><h2>NOM 251: PR\u00c1CTICAS DE HIGIENE PARA PROCESAR ALIMENTOS, BEBIDAS O SUPLEMENTOS ALIMENTICIOS<\/h2>\n<\/div><div class=\"fusion-text fusion-text-2\"><h4><em>Esta Norma Oficial Mexicana establece los requisitos m\u00ednimos de las buenas pr\u00e1cticas de higiene que deben observarse en el proceso de alimentos, bebidas o suplementos alimenticios y sus materias primas, a fin de evitar su contaminaci\u00f3n a lo largo de su proceso.<\/em><\/h4>\n<\/div><div class=\"fusion-text fusion-text-3\"><p>Los establecimientos que se dedican al proceso de alimentos, bebidas o suplementos alimenticios cumplir\u00e1n con las disposiciones, seg\u00fan corresponda a las actividades que realicen. Esta norma es de observancia obligatoria para:<\/p>\n<ul>\n<li>F\u00e1bricas.<\/li>\n<li>Establecimientos de servicios de alimentos o bebidas.<\/li>\n<li>Expendios.<\/li>\n<\/ul>\n<\/div><div class=\"fusion-text fusion-text-4\"><p>La Norma Oficial Mexicana NOM-251-SSA1-2009, adem\u00e1s establece un ap\u00e9ndice, mismo que\u00a0marca las directrices para aplicar o implantar un sistema de An\u00e1lisis de Peligros y Puntos Cr\u00edticos de Control (HACCP por sus siglas en ingl\u00e9s), el cual considera siete\u00a0principios:<\/p>\n<\/div><div ><span class=\" fusion-imageframe imageframe-none imageframe-2 hover-type-none\"><img decoding=\"async\" width=\"533\" height=\"500\" title=\"Captura de Pantalla 2021-12-02 a la(s) 15.46.33\" src=\"https:\/\/serviciosceo.com\/wp-content\/uploads\/2021\/12\/Captura-de-Pantalla-2021-12-02-a-las-15.46.33.png\" data-orig-src=\"https:\/\/serviciosdivia.com\/wp-content\/uploads\/2021\/12\/Captura-de-Pantalla-2021-12-02-a-las-15.46.33.png\" class=\"lazyload img-responsive wp-image-2528\" srcset=\"data:image\/svg+xml,%3Csvg%20xmlns%3D%27http%3A%2F%2Fwww.w3.org%2F2000%2Fsvg%27%20width%3D%27533%27%20height%3D%27500%27%20viewBox%3D%270%200%20533%20500%27%3E%3Crect%20width%3D%27533%27%20height%3D%27500%27%20fill-opacity%3D%220%22%2F%3E%3C%2Fsvg%3E\" data-srcset=\"https:\/\/serviciosceo.com\/wp-content\/uploads\/2021\/12\/Captura-de-Pantalla-2021-12-02-a-las-15.46.33-200x188.png 200w, https:\/\/serviciosceo.com\/wp-content\/uploads\/2021\/12\/Captura-de-Pantalla-2021-12-02-a-las-15.46.33-400x375.png 400w, https:\/\/serviciosceo.com\/wp-content\/uploads\/2021\/12\/Captura-de-Pantalla-2021-12-02-a-las-15.46.33.png 533w\" data-sizes=\"auto\" data-orig-sizes=\"(max-width: 1024px) 100vw, (max-width: 640px) 100vw, 533px\" \/><\/span><\/div><div class=\"fusion-text fusion-text-5\"><p>Actualmente estamos trabajando de la mano con COFEPRIS para Certificarnos en la Norma Oficial Mexicana 251.<\/p>\n<\/div><\/div><style type=\"text\/css\">.fusion-body .fusion-builder-column-1{width:66.666666666667% !important;margin-top : 10px;margin-bottom : 10px;}.fusion-builder-column-1 > .fusion-column-wrapper {padding-top : 0px !important;padding-right : 0px !important;margin-right : 2.88%;padding-bottom : 0px !important;padding-left : 0px !important;margin-left : 2.88%;}@media only screen and (max-width:1024px) {.fusion-body .fusion-builder-column-1{width:100% !important;order : 0;}.fusion-builder-column-1 > .fusion-column-wrapper {margin-right : 1.92%;margin-left : 1.92%;}}@media only screen and (max-width:640px) {.fusion-body .fusion-builder-column-1{width:100% !important;order : 0;}.fusion-builder-column-1 > .fusion-column-wrapper {margin-right : 1.92%;margin-left : 1.92%;}}<\/style><\/div><\/div><style type=\"text\/css\">.fusion-body .fusion-flex-container.fusion-builder-row-1{ padding-top : 0px;margin-top : 0px;padding-right : 25px;padding-bottom : 25px;margin-bottom : 0px;padding-left : 25px;}<\/style><\/div>\n","protected":false},"excerpt":{"rendered":"","protected":false},"author":1,"featured_media":2528,"parent":0,"menu_order":0,"comment_status":"closed","ping_status":"closed","template":"","meta":{"_joinchat":[],"footnotes":""},"class_list":["post-2527","page","type-page","status-publish","has-post-thumbnail","hentry"],"_links":{"self":[{"href":"https:\/\/serviciosceo.com\/index.php\/wp-json\/wp\/v2\/pages\/2527","targetHints":{"allow":["GET"]}}],"collection":[{"href":"https:\/\/serviciosceo.com\/index.php\/wp-json\/wp\/v2\/pages"}],"about":[{"href":"https:\/\/serviciosceo.com\/index.php\/wp-json\/wp\/v2\/types\/page"}],"author":[{"embeddable":true,"href":"https:\/\/serviciosceo.com\/index.php\/wp-json\/wp\/v2\/users\/1"}],"replies":[{"embeddable":true,"href":"https:\/\/serviciosceo.com\/index.php\/wp-json\/wp\/v2\/comments?post=2527"}],"version-history":[{"count":2,"href":"https:\/\/serviciosceo.com\/index.php\/wp-json\/wp\/v2\/pages\/2527\/revisions"}],"predecessor-version":[{"id":2536,"href":"https:\/\/serviciosceo.com\/index.php\/wp-json\/wp\/v2\/pages\/2527\/revisions\/2536"}],"wp:featuredmedia":[{"embeddable":true,"href":"https:\/\/serviciosceo.com\/index.php\/wp-json\/wp\/v2\/media\/2528"}],"wp:attachment":[{"href":"https:\/\/serviciosceo.com\/index.php\/wp-json\/wp\/v2\/media?parent=2527"}],"curies":[{"name":"wp","href":"https:\/\/api.w.org\/{rel}","templated":true}]}}